{"id":1026,"date":"2017-08-10T15:22:53","date_gmt":"2017-08-10T15:22:53","guid":{"rendered":"https:\/\/medconcap.com\/impressum"},"modified":"2022-04-28T10:38:07","modified_gmt":"2022-04-28T10:38:07","slug":"impressum","status":"publish","type":"page","link":"https:\/\/medconcap.com\/en\/impressum","title":{"rendered":"Impressum"},"content":{"rendered":"\n<figure class=\"wp-block-image\"><img loading=\"lazy\" decoding=\"async\" width=\"300\" height=\"181\" src=\"https:\/\/medconcap.com\/wp-content\/uploads\/2017\/08\/400dpiLogo_logo-300x181.jpg\" alt=\"\" class=\"wp-image-119\"\/><\/figure>\n<p><span style=\"font-family: helvetica,arial,sans-serif; font-size: 12pt; color: #000000;\">MedConCap GmbH<\/span><br\/><span style=\"font-family: helvetica,arial,sans-serif; font-size: 12pt; color: #000000;\">B\u00fcltestra\u00dfe 24<\/span><br\/><span style=\"font-family: helvetica,arial,sans-serif; font-size: 12pt; color: #000000;\">32584 L\u00f6hne<\/span><\/p>\n\n<p><span style=\"font-family: helvetica,arial,sans-serif; font-size: 12pt; color: #000000;\"><strong>phone:<\/strong> +49 (0) 5731 4967460<\/span><br\/><span style=\"font-family: helvetica,arial,sans-serif; font-size: 12pt; color: #000000;\"><strong>telefax:<\/strong> +49 (0) 5731 940193<\/span><br\/><span style=\"font-family: helvetica,arial,sans-serif; font-size: 12pt; color: #000000;\"><strong>email:<\/strong> info@medconcap.com<\/span><\/p>\n\n<p><span style=\"font-family: helvetica,arial,sans-serif; font-size: 12pt; color: #000000;\">Represented by the Managing Director:<\/span><\/p>\n\n<p><span style=\"font-family: helvetica,arial,sans-serif; font-size: 12pt; color: #000000;\">Anette Skowronsky<\/span><\/p>\n\n<p><span style=\"font-family: helvetica,arial,sans-serif; font-size: 12pt; color: #000000;\">Registry Court: Bad Oeynhausen<\/span><br\/><span style=\"font-family: helvetica,arial,sans-serif; font-size: 12pt; color: #000000;\">Register number: HRB 15529<\/span><br\/><span style=\"font-family: helvetica,arial,sans-serif; font-size: 12pt; color: #000000;\">VAT ID: DE312461835<\/span><\/p>\n\n<p><span style=\"font-family: helvetica,arial,sans-serif; font-size: 12pt; color: #000000;\">Responsible for content pursuant to \u00a7 10 Art. 3 MDStV:<\/span><br\/><span style=\"font-family: helvetica,arial,sans-serif; font-size: 12pt; color: #000000;\">MedConCap GmbH, B\u00fcltestra\u00dfe 24, 32584 L\u00f6hne<\/span><\/p>\n","protected":false},"excerpt":{"rendered":"<p>MedConCap GmbHB\u00fcltestra\u00dfe 2432584 L\u00f6hne phone: +49 (0) 5731 4967460telefax: +49 (0) 5731 940193email: info@medconcap.com Represented by the Managing Director: Anette Skowronsky Registry Court: Bad OeynhausenRegister number: HRB 15529VAT ID: DE312461835 Responsible for content pursuant to \u00a7 10 Art. 3 MDStV:MedConCap GmbH, B\u00fcltestra\u00dfe 24, 32584 L\u00f6hne<\/p>\n","protected":false},"author":1,"featured_media":0,"parent":0,"menu_order":3,"comment_status":"closed","ping_status":"closed","template":"","meta":{"_et_pb_use_builder":"","_et_pb_old_content":"","_et_gb_content_width":"","footnotes":""},"class_list":["post-1026","page","type-page","status-publish","hentry"],"_links":{"self":[{"href":"https:\/\/medconcap.com\/en\/wp-json\/wp\/v2\/pages\/1026","targetHints":{"allow":["GET"]}}],"collection":[{"href":"https:\/\/medconcap.com\/en\/wp-json\/wp\/v2\/pages"}],"about":[{"href":"https:\/\/medconcap.com\/en\/wp-json\/wp\/v2\/types\/page"}],"author":[{"embeddable":true,"href":"https:\/\/medconcap.com\/en\/wp-json\/wp\/v2\/users\/1"}],"replies":[{"embeddable":true,"href":"https:\/\/medconcap.com\/en\/wp-json\/wp\/v2\/comments?post=1026"}],"version-history":[{"count":1,"href":"https:\/\/medconcap.com\/en\/wp-json\/wp\/v2\/pages\/1026\/revisions"}],"predecessor-version":[{"id":1027,"href":"https:\/\/medconcap.com\/en\/wp-json\/wp\/v2\/pages\/1026\/revisions\/1027"}],"wp:attachment":[{"href":"https:\/\/medconcap.com\/en\/wp-json\/wp\/v2\/media?parent=1026"}],"curies":[{"name":"wp","href":"https:\/\/api.w.org\/{rel}","templated":true}]}}